{"id":1283,"date":"2024-06-19T12:14:17","date_gmt":"2024-06-19T12:14:17","guid":{"rendered":"https:\/\/guandalini.adv.br\/?page_id=1283"},"modified":"2025-05-23T23:05:04","modified_gmt":"2025-05-23T23:05:04","slug":"expertise","status":"publish","type":"page","link":"https:\/\/guandalini.adv.br\/en\/expertise\/","title":{"rendered":"Expertise"},"content":{"rendered":"<div data-elementor-type=\"wp-page\" data-elementor-id=\"1283\" class=\"elementor elementor-1283\" data-elementor-post-type=\"page\">\n\t\t\t\t<div class=\"elementor-element elementor-element-e962b15 e-flex e-con-boxed e-con e-parent\" data-id=\"e962b15\" data-element_type=\"container\" data-settings=\"{&quot;background_background&quot;:&quot;classic&quot;}\">\n\t\t\t\t\t<div class=\"e-con-inner\">\n\t\t\t\t<div class=\"elementor-element elementor-element-7ca9b82 elementor-widget__width-inherit elementor-absolute bg-hero animation-none elementor-widget elementor-widget-image\" data-id=\"7ca9b82\" data-element_type=\"widget\" data-settings=\"{&quot;_position&quot;:&quot;absolute&quot;}\" data-widget_type=\"image.default\">\n\t\t\t\t<div class=\"elementor-widget-container\">\n\t\t\t\t\t\t\t\t\t\t\t\t\t\t\t<img fetchpriority=\"high\" decoding=\"async\" width=\"1920\" height=\"978\" src=\"https:\/\/guandalini.adv.br\/wp-content\/uploads\/2024\/06\/bg-expertise.webp\" class=\"attachment-full size-full wp-image-1318\" alt=\"\" srcset=\"https:\/\/guandalini.adv.br\/wp-content\/uploads\/2024\/06\/bg-expertise.webp 1920w, https:\/\/guandalini.adv.br\/wp-content\/uploads\/2024\/06\/bg-expertise-300x153.webp 300w, https:\/\/guandalini.adv.br\/wp-content\/uploads\/2024\/06\/bg-expertise-1024x522.webp 1024w, https:\/\/guandalini.adv.br\/wp-content\/uploads\/2024\/06\/bg-expertise-768x391.webp 768w, https:\/\/guandalini.adv.br\/wp-content\/uploads\/2024\/06\/bg-expertise-1536x782.webp 1536w\" sizes=\"(max-width: 1920px) 100vw, 1920px\" \/>\t\t\t\t\t\t\t\t\t\t\t\t\t\t\t<\/div>\n\t\t\t\t<\/div>\n\t\t\t\t<div class=\"elementor-element elementor-element-5b879a7 elementor-absolute elementor-invisible elementor-widget elementor-widget-image\" data-id=\"5b879a7\" data-element_type=\"widget\" data-settings=\"{&quot;_position&quot;:&quot;absolute&quot;,&quot;_animation&quot;:&quot;fadeInRight&quot;,&quot;_animation_delay&quot;:300}\" data-widget_type=\"image.default\">\n\t\t\t\t<div class=\"elementor-widget-container\">\n\t\t\t\t\t\t\t\t\t\t\t\t\t\t\t<img decoding=\"async\" width=\"945\" height=\"792\" src=\"https:\/\/guandalini.adv.br\/wp-content\/uploads\/2024\/06\/Shadow-1.png\" class=\"attachment-full size-full wp-image-1322\" alt=\"\" srcset=\"https:\/\/guandalini.adv.br\/wp-content\/uploads\/2024\/06\/Shadow-1.png 945w, https:\/\/guandalini.adv.br\/wp-content\/uploads\/2024\/06\/Shadow-1-300x251.png 300w, https:\/\/guandalini.adv.br\/wp-content\/uploads\/2024\/06\/Shadow-1-768x644.png 768w\" sizes=\"(max-width: 945px) 100vw, 945px\" \/>\t\t\t\t\t\t\t\t\t\t\t\t\t\t\t<\/div>\n\t\t\t\t<\/div>\n\t\t<div class=\"elementor-element elementor-element-f4bd88c e-con-full e-flex e-con e-child\" data-id=\"f4bd88c\" data-element_type=\"container\">\n\t\t<div class=\"elementor-element elementor-element-97090c3 e-con-full e-flex e-con e-child\" data-id=\"97090c3\" data-element_type=\"container\">\n\t\t\t\t<div class=\"elementor-element elementor-element-9c20a7f animated-fast elementor-invisible elementor-widget elementor-widget-heading\" data-id=\"9c20a7f\" data-element_type=\"widget\" data-settings=\"{&quot;_animation&quot;:&quot;fadeInDown&quot;,&quot;_animation_delay&quot;:200}\" data-widget_type=\"heading.default\">\n\t\t\t\t<div class=\"elementor-widget-container\">\n\t\t\t\t\t<h2 class=\"elementor-heading-title elementor-size-default\">Guandalini Campos Lawyers<\/h2>\t\t\t\t<\/div>\n\t\t\t\t<\/div>\n\t\t\t\t<div class=\"elementor-element elementor-element-1bdf4c2 elementor-widget__width-initial typped-text interna animated-fast elementor-invisible elementor-widget elementor-widget-heading\" data-id=\"1bdf4c2\" data-element_type=\"widget\" data-settings=\"{&quot;_animation&quot;:&quot;fadeIn&quot;,&quot;_animation_delay&quot;:700}\" data-widget_type=\"heading.default\">\n\t\t\t\t<div class=\"elementor-widget-container\">\n\t\t\t\t\t<h1 class=\"elementor-heading-title elementor-size-default\">\u00c1reas de Atua\u00e7\u00e3o<\/h1>\t\t\t\t<\/div>\n\t\t\t\t<\/div>\n\t\t\t\t<div class=\"elementor-element elementor-element-fd75b8f elementor-absolute arrow expertise e-transform elementor-hidden-mobile elementor-widget elementor-widget-image\" data-id=\"fd75b8f\" data-element_type=\"widget\" data-settings=\"{&quot;_position&quot;:&quot;absolute&quot;,&quot;_animation&quot;:&quot;none&quot;,&quot;_transform_rotateZ_effect_hover&quot;:{&quot;unit&quot;:&quot;px&quot;,&quot;size&quot;:135,&quot;sizes&quot;:[]},&quot;_transform_rotateZ_effect_hover_laptop&quot;:{&quot;unit&quot;:&quot;deg&quot;,&quot;size&quot;:&quot;&quot;,&quot;sizes&quot;:[]},&quot;_transform_rotateZ_effect_hover_tablet&quot;:{&quot;unit&quot;:&quot;deg&quot;,&quot;size&quot;:&quot;&quot;,&quot;sizes&quot;:[]},&quot;_transform_rotateZ_effect_hover_mobile&quot;:{&quot;unit&quot;:&quot;deg&quot;,&quot;size&quot;:&quot;&quot;,&quot;sizes&quot;:[]}}\" data-widget_type=\"image.default\">\n\t\t\t\t<div class=\"elementor-widget-container\">\n\t\t\t\t\t\t\t\t\t\t\t\t\t\t\t<img decoding=\"async\" width=\"50\" height=\"50\" src=\"https:\/\/guandalini.adv.br\/wp-content\/uploads\/2024\/06\/arrow.svg\" class=\"attachment-full size-full wp-image-185\" alt=\"\" \/>\t\t\t\t\t\t\t\t\t\t\t\t\t\t\t<\/div>\n\t\t\t\t<\/div>\n\t\t\t\t<\/div>\n\t\t\t\t<\/div>\n\t\t\t\t<div class=\"elementor-element elementor-element-387d4ef elementor-invisible elementor-widget elementor-widget-html\" data-id=\"387d4ef\" data-element_type=\"widget\" data-settings=\"{&quot;_animation&quot;:&quot;fadeIn&quot;,&quot;_animation_delay&quot;:500}\" data-widget_type=\"html.default\">\n\t\t\t\t<div class=\"elementor-widget-container\">\n\t\t\t\t\t<script>\n    const text = document.querySelector('.typped-text h1')\n    \n    function typeWritter() {\n        const letters = text.textContent.split('')\n        \n        text.textContent = ''\n        \n        letters.forEach((letter, index) => {\n            setTimeout(() => {\n                text.textContent += letter\n            }, index * 60)\n        })\n    }\n    \n    setTimeout(typeWritter, 700)\n<\/script>\t\t\t\t<\/div>\n\t\t\t\t<\/div>\n\t\t\t\t\t<\/div>\n\t\t\t\t<\/div>\n\t\t<section class=\"elementor-element elementor-element-e639f9b e-flex e-con-boxed e-con e-parent\" data-id=\"e639f9b\" data-element_type=\"container\" data-settings=\"{&quot;background_background&quot;:&quot;classic&quot;}\">\n\t\t\t\t\t<div class=\"e-con-inner\">\n\t\t\t\t<div class=\"elementor-element elementor-element-97318b5 elementor-invisible elementor-widget elementor-widget-heading\" data-id=\"97318b5\" data-element_type=\"widget\" data-settings=\"{&quot;_animation&quot;:&quot;fadeInDown&quot;,&quot;_animation_delay&quot;:200}\" data-widget_type=\"heading.default\">\n\t\t\t\t<div class=\"elementor-widget-container\">\n\t\t\t\t\t<h3 class=\"elementor-heading-title elementor-size-default\">Interdisciplinarity. Transparency. Efficiency.<\/h3>\t\t\t\t<\/div>\n\t\t\t\t<\/div>\n\t\t\t\t<div class=\"elementor-element elementor-element-222f3aa animated-fast elementor-widget__width-initial elementor-invisible elementor-widget elementor-widget-heading\" data-id=\"222f3aa\" data-element_type=\"widget\" data-settings=\"{&quot;_animation&quot;:&quot;fadeIn&quot;,&quot;_animation_delay&quot;:400}\" data-widget_type=\"heading.default\">\n\t\t\t\t<div class=\"elementor-widget-container\">\n\t\t\t\t\t<h2 class=\"elementor-heading-title elementor-size-default\">Focus on the client's interest, strategy, and results.<\/h2>\t\t\t\t<\/div>\n\t\t\t\t<\/div>\n\t\t<div class=\"elementor-element elementor-element-0ec6d97 e-flex e-con-boxed e-con e-child\" data-id=\"0ec6d97\" data-element_type=\"container\">\n\t\t\t\t\t<div class=\"e-con-inner\">\n\t\t<a class=\"elementor-element elementor-element-ce4ac5c e-con-full e-flex e-con e-child\" data-id=\"ce4ac5c\" data-element_type=\"container\" data-settings=\"{&quot;background_background&quot;:&quot;classic&quot;}\" href=\"#elementor-action%3Aaction%3Dpopup%3Aopen%26settings%3DeyJpZCI6IjE2MjQiLCJ0b2dnbGUiOmZhbHNlfQ%3D%3D\">\n\t\t<div class=\"elementor-element elementor-element-21a597c e-flex e-con-boxed e-con e-child\" data-id=\"21a597c\" data-element_type=\"container\">\n\t\t\t\t\t<div class=\"e-con-inner\">\n\t\t\t\t<div class=\"elementor-element elementor-element-c105b25 elementor-invisible elementor-widget elementor-widget-heading\" data-id=\"c105b25\" data-element_type=\"widget\" data-settings=\"{&quot;_animation&quot;:&quot;fadeIn&quot;,&quot;_animation_delay&quot;:200}\" data-widget_type=\"heading.default\">\n\t\t\t\t<div class=\"elementor-widget-container\">\n\t\t\t\t\t<h3 class=\"elementor-heading-title elementor-size-default\">Arbitration and Litigation<\/h3>\t\t\t\t<\/div>\n\t\t\t\t<\/div>\n\t\t\t\t<div class=\"elementor-element elementor-element-973fe0e elementor-widget__width-initial animated-fast elementor-invisible elementor-widget elementor-widget-heading\" data-id=\"973fe0e\" data-element_type=\"widget\" data-settings=\"{&quot;_animation&quot;:&quot;fadeInRight&quot;,&quot;_animation_delay&quot;:400}\" data-widget_type=\"heading.default\">\n\t\t\t\t<div class=\"elementor-widget-container\">\n\t\t\t\t\t<p class=\"elementor-heading-title elementor-size-default\">Extensive practice across various industries in both arbitral proceedings and judicial litigation before diverse Chambers and Courts. <\/p>\t\t\t\t<\/div>\n\t\t\t\t<\/div>\n\t\t\t\t\t<\/div>\n\t\t\t\t<\/div>\n\t\t\t\t<div class=\"elementor-element elementor-element-841e85a arrow arrow-2 elementor-widget elementor-widget-image\" data-id=\"841e85a\" data-element_type=\"widget\" data-widget_type=\"image.default\">\n\t\t\t\t<div class=\"elementor-widget-container\">\n\t\t\t\t\t\t\t\t\t\t\t\t\t\t\t<img loading=\"lazy\" decoding=\"async\" width=\"86\" height=\"86\" src=\"https:\/\/guandalini.adv.br\/wp-content\/uploads\/2024\/06\/layer_21.png\" class=\"attachment-full size-full wp-image-626\" alt=\"\" \/>\t\t\t\t\t\t\t\t\t\t\t\t\t\t\t<\/div>\n\t\t\t\t<\/div>\n\t\t\t\t<\/a>\n\t\t<a class=\"elementor-element elementor-element-a4cf59b e-con-full e-flex e-con e-child\" data-id=\"a4cf59b\" data-element_type=\"container\" data-settings=\"{&quot;background_background&quot;:&quot;classic&quot;}\" href=\"#elementor-action%3Aaction%3Dpopup%3Aopen%26settings%3DeyJpZCI6IjE2NDQiLCJ0b2dnbGUiOmZhbHNlfQ%3D%3D\">\n\t\t<div class=\"elementor-element elementor-element-facb28b e-flex e-con-boxed e-con e-child\" data-id=\"facb28b\" data-element_type=\"container\">\n\t\t\t\t\t<div class=\"e-con-inner\">\n\t\t\t\t<div class=\"elementor-element elementor-element-6c7e746 elementor-invisible elementor-widget elementor-widget-heading\" data-id=\"6c7e746\" data-element_type=\"widget\" data-settings=\"{&quot;_animation&quot;:&quot;fadeIn&quot;,&quot;_animation_delay&quot;:200}\" data-widget_type=\"heading.default\">\n\t\t\t\t<div class=\"elementor-widget-container\">\n\t\t\t\t\t<h3 class=\"elementor-heading-title elementor-size-default\">Construction, Infrastructure, and Complex Real Estate Deals<\/h3>\t\t\t\t<\/div>\n\t\t\t\t<\/div>\n\t\t\t\t<div class=\"elementor-element elementor-element-34faf14 elementor-widget__width-initial animated-fast elementor-invisible elementor-widget elementor-widget-heading\" data-id=\"34faf14\" data-element_type=\"widget\" data-settings=\"{&quot;_animation&quot;:&quot;fadeInRight&quot;,&quot;_animation_delay&quot;:400}\" data-widget_type=\"heading.default\">\n\t\t\t\t<div class=\"elementor-widget-container\">\n\t\t\t\t\t<p class=\"elementor-heading-title elementor-size-default\">Our firm possesses broad and well-established experience in the infrastructure, construction, and real estate sectors, excelling in both preventive advisory and strategic litigation.<\/p>\t\t\t\t<\/div>\n\t\t\t\t<\/div>\n\t\t\t\t\t<\/div>\n\t\t\t\t<\/div>\n\t\t\t\t<div class=\"elementor-element elementor-element-5e6c200 arrow arrow-2 elementor-widget elementor-widget-image\" data-id=\"5e6c200\" data-element_type=\"widget\" data-widget_type=\"image.default\">\n\t\t\t\t<div class=\"elementor-widget-container\">\n\t\t\t\t\t\t\t\t\t\t\t\t\t\t\t<img loading=\"lazy\" decoding=\"async\" width=\"86\" height=\"86\" src=\"https:\/\/guandalini.adv.br\/wp-content\/uploads\/2024\/06\/layer_21.png\" class=\"attachment-full size-full wp-image-626\" alt=\"\" \/>\t\t\t\t\t\t\t\t\t\t\t\t\t\t\t<\/div>\n\t\t\t\t<\/div>\n\t\t\t\t<\/a>\n\t\t<a class=\"elementor-element elementor-element-08c54ac e-con-full e-flex e-con e-child\" data-id=\"08c54ac\" data-element_type=\"container\" data-settings=\"{&quot;background_background&quot;:&quot;classic&quot;}\" href=\"#elementor-action%3Aaction%3Dpopup%3Aopen%26settings%3DeyJpZCI6IjE2NTEiLCJ0b2dnbGUiOmZhbHNlfQ%3D%3D\">\n\t\t<div class=\"elementor-element elementor-element-1002a88 e-flex e-con-boxed e-con e-child\" data-id=\"1002a88\" data-element_type=\"container\">\n\t\t\t\t\t<div class=\"e-con-inner\">\n\t\t\t\t<div class=\"elementor-element elementor-element-a62f377 elementor-invisible elementor-widget elementor-widget-heading\" data-id=\"a62f377\" data-element_type=\"widget\" data-settings=\"{&quot;_animation&quot;:&quot;fadeIn&quot;,&quot;_animation_delay&quot;:200}\" data-widget_type=\"heading.default\">\n\t\t\t\t<div class=\"elementor-widget-container\">\n\t\t\t\t\t<h3 class=\"elementor-heading-title elementor-size-default\">M&amp;A, Corporate and Commercial Contracts<\/h3>\t\t\t\t<\/div>\n\t\t\t\t<\/div>\n\t\t\t\t<div class=\"elementor-element elementor-element-7b4d219 elementor-widget__width-initial animated-fast elementor-invisible elementor-widget elementor-widget-heading\" data-id=\"7b4d219\" data-element_type=\"widget\" data-settings=\"{&quot;_animation&quot;:&quot;fadeInRight&quot;,&quot;_animation_delay&quot;:400}\" data-widget_type=\"heading.default\">\n\t\t\t\t<div class=\"elementor-widget-container\">\n\t\t\t\t\t<p class=\"elementor-heading-title elementor-size-default\">In-depth knowledge of economic transactions and an interdisciplinary approach are essential for developing secure and efficient contracts.<\/p>\t\t\t\t<\/div>\n\t\t\t\t<\/div>\n\t\t\t\t\t<\/div>\n\t\t\t\t<\/div>\n\t\t\t\t<div class=\"elementor-element elementor-element-fc2f324 arrow arrow-2 elementor-widget elementor-widget-image\" data-id=\"fc2f324\" data-element_type=\"widget\" data-widget_type=\"image.default\">\n\t\t\t\t<div class=\"elementor-widget-container\">\n\t\t\t\t\t\t\t\t\t\t\t\t\t\t\t<img loading=\"lazy\" decoding=\"async\" width=\"86\" height=\"86\" src=\"https:\/\/guandalini.adv.br\/wp-content\/uploads\/2024\/06\/layer_21.png\" class=\"attachment-full size-full wp-image-626\" alt=\"\" \/>\t\t\t\t\t\t\t\t\t\t\t\t\t\t\t<\/div>\n\t\t\t\t<\/div>\n\t\t\t\t<\/a>\n\t\t<a class=\"elementor-element elementor-element-f3aecbc e-con-full e-flex e-con e-child\" data-id=\"f3aecbc\" data-element_type=\"container\" data-settings=\"{&quot;background_background&quot;:&quot;classic&quot;}\" href=\"#elementor-action%3Aaction%3Dpopup%3Aopen%26settings%3DeyJpZCI6IjE2MzUiLCJ0b2dnbGUiOmZhbHNlfQ%3D%3D\">\n\t\t\t\t<div class=\"elementor-element elementor-element-38cd2cf elementor-invisible elementor-widget elementor-widget-heading\" data-id=\"38cd2cf\" data-element_type=\"widget\" data-settings=\"{&quot;_animation&quot;:&quot;fadeIn&quot;,&quot;_animation_delay&quot;:200}\" data-widget_type=\"heading.default\">\n\t\t\t\t<div class=\"elementor-widget-container\">\n\t\t\t\t\t<h3 class=\"elementor-heading-title elementor-size-default\">Negotiation and Mediation<\/h3>\t\t\t\t<\/div>\n\t\t\t\t<\/div>\n\t\t<div class=\"elementor-element elementor-element-b15e978 e-flex e-con-boxed e-con e-child\" data-id=\"b15e978\" data-element_type=\"container\">\n\t\t\t\t\t<div class=\"e-con-inner\">\n\t\t\t\t<div class=\"elementor-element elementor-element-a4da465 elementor-widget__width-initial animated-fast elementor-invisible elementor-widget elementor-widget-heading\" data-id=\"a4da465\" data-element_type=\"widget\" data-settings=\"{&quot;_animation&quot;:&quot;fadeInRight&quot;,&quot;_animation_delay&quot;:400}\" data-widget_type=\"heading.default\">\n\t\t\t\t<div class=\"elementor-widget-container\">\n\t\t\t\t\t<p class=\"elementor-heading-title elementor-size-default\">We solve problems. In many cases, the use of non-litigation tools is more efficient and suitable to achieve the client's interest. Learn more &gt;&gt;&gt; <\/p>\t\t\t\t<\/div>\n\t\t\t\t<\/div>\n\t\t\t\t\t<\/div>\n\t\t\t\t<\/div>\n\t\t\t\t<div class=\"elementor-element elementor-element-322ca75 arrow arrow-2 elementor-widget elementor-widget-image\" data-id=\"322ca75\" data-element_type=\"widget\" data-widget_type=\"image.default\">\n\t\t\t\t<div class=\"elementor-widget-container\">\n\t\t\t\t\t\t\t\t\t\t\t\t\t\t\t<img loading=\"lazy\" decoding=\"async\" width=\"86\" height=\"86\" src=\"https:\/\/guandalini.adv.br\/wp-content\/uploads\/2024\/06\/layer_21.png\" class=\"attachment-full size-full wp-image-626\" alt=\"\" \/>\t\t\t\t\t\t\t\t\t\t\t\t\t\t\t<\/div>\n\t\t\t\t<\/div>\n\t\t\t\t<\/a>\n\t\t<a class=\"elementor-element elementor-element-545f33f e-con-full e-flex e-con e-child\" data-id=\"545f33f\" data-element_type=\"container\" data-settings=\"{&quot;background_background&quot;:&quot;classic&quot;}\" href=\"#elementor-action%3Aaction%3Dpopup%3Aopen%26settings%3DeyJpZCI6IjE2NDEiLCJ0b2dnbGUiOmZhbHNlfQ%3D%3D\">\n\t\t<div class=\"elementor-element elementor-element-76c0544 e-flex e-con-boxed e-con e-child\" data-id=\"76c0544\" data-element_type=\"container\">\n\t\t\t\t\t<div class=\"e-con-inner\">\n\t\t\t\t<div class=\"elementor-element elementor-element-f0f1f1a elementor-invisible elementor-widget elementor-widget-heading\" data-id=\"f0f1f1a\" data-element_type=\"widget\" data-settings=\"{&quot;_animation&quot;:&quot;fadeIn&quot;,&quot;_animation_delay&quot;:200}\" data-widget_type=\"heading.default\">\n\t\t\t\t<div class=\"elementor-widget-container\">\n\t\t\t\t\t<h3 class=\"elementor-heading-title elementor-size-default\">Crypto and Digital Law\n<\/h3>\t\t\t\t<\/div>\n\t\t\t\t<\/div>\n\t\t\t\t<div class=\"elementor-element elementor-element-7e22c7f elementor-widget__width-initial animated-fast elementor-invisible elementor-widget elementor-widget-heading\" data-id=\"7e22c7f\" data-element_type=\"widget\" data-settings=\"{&quot;_animation&quot;:&quot;fadeInRight&quot;,&quot;_animation_delay&quot;:400}\" data-widget_type=\"heading.default\">\n\t\t\t\t<div class=\"elementor-widget-container\">\n\t\t\t\t\t<p class=\"elementor-heading-title elementor-size-default\">\nLed by partner Bernardo Requeira Campos, the firm has an extensive practice in digital law and cryptocurrencies.\n<\/p>\t\t\t\t<\/div>\n\t\t\t\t<\/div>\n\t\t\t\t\t<\/div>\n\t\t\t\t<\/div>\n\t\t\t\t<div class=\"elementor-element elementor-element-0335471 arrow arrow-2 elementor-widget elementor-widget-image\" data-id=\"0335471\" data-element_type=\"widget\" data-widget_type=\"image.default\">\n\t\t\t\t<div class=\"elementor-widget-container\">\n\t\t\t\t\t\t\t\t\t\t\t\t\t\t\t<img loading=\"lazy\" decoding=\"async\" width=\"86\" height=\"86\" src=\"https:\/\/guandalini.adv.br\/wp-content\/uploads\/2024\/06\/layer_21.png\" class=\"attachment-full size-full wp-image-626\" alt=\"\" \/>\t\t\t\t\t\t\t\t\t\t\t\t\t\t\t<\/div>\n\t\t\t\t<\/div>\n\t\t\t\t<\/a>\n\t\t<a class=\"elementor-element elementor-element-e68118e e-con-full e-flex e-con e-child\" data-id=\"e68118e\" data-element_type=\"container\" data-settings=\"{&quot;background_background&quot;:&quot;classic&quot;}\" href=\"#elementor-action%3Aaction%3Dpopup%3Aopen%26settings%3DeyJpZCI6IjE2MzgiLCJ0b2dnbGUiOmZhbHNlfQ%3D%3D\">\n\t\t<div class=\"elementor-element elementor-element-69e4737 e-flex e-con-boxed e-con e-child\" data-id=\"69e4737\" data-element_type=\"container\">\n\t\t\t\t\t<div class=\"e-con-inner\">\n\t\t\t\t<div class=\"elementor-element elementor-element-efaa7ac elementor-invisible elementor-widget elementor-widget-heading\" data-id=\"efaa7ac\" data-element_type=\"widget\" data-settings=\"{&quot;_animation&quot;:&quot;fadeIn&quot;,&quot;_animation_delay&quot;:200}\" data-widget_type=\"heading.default\">\n\t\t\t\t<div class=\"elementor-widget-container\">\n\t\t\t\t\t<h3 class=\"elementor-heading-title elementor-size-default\">Distressed Companies<\/h3>\t\t\t\t<\/div>\n\t\t\t\t<\/div>\n\t\t\t\t<div class=\"elementor-element elementor-element-acd51c5 elementor-widget__width-initial animated-fast elementor-invisible elementor-widget elementor-widget-heading\" data-id=\"acd51c5\" data-element_type=\"widget\" data-settings=\"{&quot;_animation&quot;:&quot;fadeInRight&quot;,&quot;_animation_delay&quot;:400}\" data-widget_type=\"heading.default\">\n\t\t\t\t<div class=\"elementor-widget-container\">\n\t\t\t\t\t<p class=\"elementor-heading-title elementor-size-default\">We handle a wide range of debt recovery cases and assist distressed companies with customized solutions designed to maximize financial and operational results.<\/p>\t\t\t\t<\/div>\n\t\t\t\t<\/div>\n\t\t\t\t\t<\/div>\n\t\t\t\t<\/div>\n\t\t\t\t<div class=\"elementor-element elementor-element-0117248 arrow arrow-2 elementor-widget elementor-widget-image\" data-id=\"0117248\" data-element_type=\"widget\" data-widget_type=\"image.default\">\n\t\t\t\t<div class=\"elementor-widget-container\">\n\t\t\t\t\t\t\t\t\t\t\t\t\t\t\t<img loading=\"lazy\" decoding=\"async\" width=\"86\" height=\"86\" src=\"https:\/\/guandalini.adv.br\/wp-content\/uploads\/2024\/06\/layer_21.png\" class=\"attachment-full size-full wp-image-626\" alt=\"\" \/>\t\t\t\t\t\t\t\t\t\t\t\t\t\t\t<\/div>\n\t\t\t\t<\/div>\n\t\t\t\t<\/a>\n\t\t\t\t\t<\/div>\n\t\t\t\t<\/div>\n\t\t\t\t\t<\/div>\n\t\t\t\t<\/section>\n\t\t\t\t<\/div>","protected":false},"excerpt":{"rendered":"<p>Guandalini Campos Advogados \u00c1reas de Atua\u00e7\u00e3o Interdisciplinaridade. Transpar\u00eancia. Efici\u00eancia. Foco absoluto no interesse do cliente, na estrat\u00e9gia e nos resultados. Arbitragem e Contencioso Judicial Foco do escrit\u00f3rio, somos altamente especializados em resolu\u00e7\u00e3o de disputas com extensa experi\u00eancia em dezenas de casos complexos. Saiba mais &gt;&gt;&gt; Infraestrutura, Constru\u00e7\u00e3o e Opera\u00e7\u00f5es Imobili\u00e1rias Complexas Tanto em disputas contenciosas [&hellip;]<\/p>","protected":false},"author":1,"featured_media":0,"parent":0,"menu_order":0,"comment_status":"closed","ping_status":"closed","template":"elementor_header_footer","meta":{"_joinchat":[],"footnotes":""},"class_list":["post-1283","page","type-page","status-publish","hentry"],"_links":{"self":[{"href":"https:\/\/guandalini.adv.br\/en\/wp-json\/wp\/v2\/pages\/1283","targetHints":{"allow":["GET"]}}],"collection":[{"href":"https:\/\/guandalini.adv.br\/en\/wp-json\/wp\/v2\/pages"}],"about":[{"href":"https:\/\/guandalini.adv.br\/en\/wp-json\/wp\/v2\/types\/page"}],"author":[{"embeddable":true,"href":"https:\/\/guandalini.adv.br\/en\/wp-json\/wp\/v2\/users\/1"}],"replies":[{"embeddable":true,"href":"https:\/\/guandalini.adv.br\/en\/wp-json\/wp\/v2\/comments?post=1283"}],"version-history":[{"count":202,"href":"https:\/\/guandalini.adv.br\/en\/wp-json\/wp\/v2\/pages\/1283\/revisions"}],"predecessor-version":[{"id":2237,"href":"https:\/\/guandalini.adv.br\/en\/wp-json\/wp\/v2\/pages\/1283\/revisions\/2237"}],"wp:attachment":[{"href":"https:\/\/guandalini.adv.br\/en\/wp-json\/wp\/v2\/media?parent=1283"}],"curies":[{"name":"wp","href":"https:\/\/api.w.org\/{rel}","templated":true}]}}