{"id":1825,"date":"2024-07-04T18:48:35","date_gmt":"2024-07-04T18:48:35","guid":{"rendered":"https:\/\/guandalini.adv.br\/?page_id=1825"},"modified":"2026-01-30T00:55:09","modified_gmt":"2026-01-30T00:55:09","slug":"bernardo-regueira","status":"publish","type":"page","link":"https:\/\/guandalini.adv.br\/en\/bernardo-regueira\/","title":{"rendered":"Bernardo Regueira"},"content":{"rendered":"<div data-elementor-type=\"wp-page\" data-elementor-id=\"1825\" class=\"elementor elementor-1825\" data-elementor-post-type=\"page\">\n\t\t\t\t<div class=\"elementor-element elementor-element-7f797ec e-flex e-con-boxed e-con e-parent\" data-id=\"7f797ec\" data-element_type=\"container\" data-settings=\"{&quot;background_background&quot;:&quot;classic&quot;}\">\n\t\t\t\t\t<div class=\"e-con-inner\">\n\t\t\t\t<div class=\"elementor-element elementor-element-0e14863 elementor-widget__width-inherit elementor-absolute bg-hero animation-none elementor-widget elementor-widget-image\" data-id=\"0e14863\" data-element_type=\"widget\" data-settings=\"{&quot;_position&quot;:&quot;absolute&quot;}\" data-widget_type=\"image.default\">\n\t\t\t\t<div class=\"elementor-widget-container\">\n\t\t\t\t\t\t\t\t\t\t\t\t\t\t\t<img fetchpriority=\"high\" decoding=\"async\" width=\"800\" height=\"448\" src=\"https:\/\/guandalini.adv.br\/wp-content\/uploads\/2024\/07\/business-meeting-progress-glass-wall-generative-ai-1024x574.jpg\" class=\"attachment-large size-large wp-image-1681\" alt=\"\" srcset=\"https:\/\/guandalini.adv.br\/wp-content\/uploads\/2024\/07\/business-meeting-progress-glass-wall-generative-ai-1024x574.jpg 1024w, https:\/\/guandalini.adv.br\/wp-content\/uploads\/2024\/07\/business-meeting-progress-glass-wall-generative-ai-300x168.jpg 300w, https:\/\/guandalini.adv.br\/wp-content\/uploads\/2024\/07\/business-meeting-progress-glass-wall-generative-ai-768x430.jpg 768w, https:\/\/guandalini.adv.br\/wp-content\/uploads\/2024\/07\/business-meeting-progress-glass-wall-generative-ai-1536x861.jpg 1536w, https:\/\/guandalini.adv.br\/wp-content\/uploads\/2024\/07\/business-meeting-progress-glass-wall-generative-ai-2048x1148.jpg 2048w\" sizes=\"(max-width: 800px) 100vw, 800px\" \/>\t\t\t\t\t\t\t\t\t\t\t\t\t\t\t<\/div>\n\t\t\t\t<\/div>\n\t\t\t\t<div class=\"elementor-element elementor-element-b44a383 elementor-absolute elementor-invisible elementor-widget elementor-widget-image\" data-id=\"b44a383\" data-element_type=\"widget\" data-settings=\"{&quot;_position&quot;:&quot;absolute&quot;,&quot;_animation&quot;:&quot;fadeInRight&quot;,&quot;_animation_delay&quot;:300}\" data-widget_type=\"image.default\">\n\t\t\t\t<div class=\"elementor-widget-container\">\n\t\t\t\t\t\t\t\t\t\t\t\t\t\t\t<img decoding=\"async\" width=\"945\" height=\"792\" src=\"https:\/\/guandalini.adv.br\/wp-content\/uploads\/2024\/06\/Shadow-1.png\" class=\"attachment-full size-full wp-image-1322\" alt=\"\" srcset=\"https:\/\/guandalini.adv.br\/wp-content\/uploads\/2024\/06\/Shadow-1.png 945w, https:\/\/guandalini.adv.br\/wp-content\/uploads\/2024\/06\/Shadow-1-300x251.png 300w, https:\/\/guandalini.adv.br\/wp-content\/uploads\/2024\/06\/Shadow-1-768x644.png 768w\" sizes=\"(max-width: 945px) 100vw, 945px\" \/>\t\t\t\t\t\t\t\t\t\t\t\t\t\t\t<\/div>\n\t\t\t\t<\/div>\n\t\t<div class=\"elementor-element elementor-element-ed474b1 e-con-full e-flex e-con e-child\" data-id=\"ed474b1\" data-element_type=\"container\">\n\t\t<div class=\"elementor-element elementor-element-3abe00c e-con-full e-flex e-con e-child\" data-id=\"3abe00c\" data-element_type=\"container\">\n\t\t\t\t<div class=\"elementor-element elementor-element-892fd6b animated-fast elementor-invisible elementor-widget elementor-widget-heading\" data-id=\"892fd6b\" data-element_type=\"widget\" data-settings=\"{&quot;_animation&quot;:&quot;fadeInDown&quot;,&quot;_animation_delay&quot;:200}\" data-widget_type=\"heading.default\">\n\t\t\t\t<div class=\"elementor-widget-container\">\n\t\t\t\t\t<h2 class=\"elementor-heading-title elementor-size-default\">Advogado<\/h2>\t\t\t\t<\/div>\n\t\t\t\t<\/div>\n\t\t\t\t<div class=\"elementor-element elementor-element-f9c3389 elementor-widget__width-initial typped-text interna animated-fast elementor-invisible elementor-widget elementor-widget-heading\" data-id=\"f9c3389\" data-element_type=\"widget\" data-settings=\"{&quot;_animation&quot;:&quot;fadeIn&quot;,&quot;_animation_delay&quot;:700}\" data-widget_type=\"heading.default\">\n\t\t\t\t<div class=\"elementor-widget-container\">\n\t\t\t\t\t<h1 class=\"elementor-heading-title elementor-size-default\">Bernardo Regueira Campos<\/h1>\t\t\t\t<\/div>\n\t\t\t\t<\/div>\n\t\t\t\t<div class=\"elementor-element elementor-element-2705a8a elementor-absolute arrow pessoas e-transform elementor-hidden-mobile elementor-widget elementor-widget-image\" data-id=\"2705a8a\" data-element_type=\"widget\" data-settings=\"{&quot;_position&quot;:&quot;absolute&quot;,&quot;_animation&quot;:&quot;none&quot;,&quot;_transform_rotateZ_effect_hover&quot;:{&quot;unit&quot;:&quot;px&quot;,&quot;size&quot;:135,&quot;sizes&quot;:[]},&quot;_transform_rotateZ_effect_hover_laptop&quot;:{&quot;unit&quot;:&quot;deg&quot;,&quot;size&quot;:&quot;&quot;,&quot;sizes&quot;:[]},&quot;_transform_rotateZ_effect_hover_tablet&quot;:{&quot;unit&quot;:&quot;deg&quot;,&quot;size&quot;:&quot;&quot;,&quot;sizes&quot;:[]},&quot;_transform_rotateZ_effect_hover_mobile&quot;:{&quot;unit&quot;:&quot;deg&quot;,&quot;size&quot;:&quot;&quot;,&quot;sizes&quot;:[]}}\" data-widget_type=\"image.default\">\n\t\t\t\t<div class=\"elementor-widget-container\">\n\t\t\t\t\t\t\t\t\t\t\t\t\t\t\t<img decoding=\"async\" width=\"50\" height=\"50\" src=\"https:\/\/guandalini.adv.br\/wp-content\/uploads\/2024\/06\/arrow.svg\" class=\"attachment-full size-full wp-image-185\" alt=\"\" \/>\t\t\t\t\t\t\t\t\t\t\t\t\t\t\t<\/div>\n\t\t\t\t<\/div>\n\t\t\t\t<\/div>\n\t\t\t\t<\/div>\n\t\t\t\t<div class=\"elementor-element elementor-element-20e497f elementor-invisible elementor-widget elementor-widget-html\" data-id=\"20e497f\" data-element_type=\"widget\" data-settings=\"{&quot;_animation&quot;:&quot;fadeIn&quot;,&quot;_animation_delay&quot;:500}\" data-widget_type=\"html.default\">\n\t\t\t\t<div class=\"elementor-widget-container\">\n\t\t\t\t\t<script>\n    const text = document.querySelector('.typped-text h1')\n    \n    function typeWritter() {\n        const letters = text.textContent.split('')\n        \n        text.textContent = ''\n        \n        letters.forEach((letter, index) => {\n            setTimeout(() => {\n                text.textContent += letter\n            }, index * 60)\n        })\n    }\n    \n    setTimeout(typeWritter, 700)\n<\/script>\t\t\t\t<\/div>\n\t\t\t\t<\/div>\n\t\t\t\t\t<\/div>\n\t\t\t\t<\/div>\n\t\t<div class=\"elementor-element elementor-element-5830e08 e-flex e-con-boxed e-con e-parent\" data-id=\"5830e08\" data-element_type=\"container\">\n\t\t\t\t\t<div class=\"e-con-inner\">\n\t\t<div class=\"elementor-element elementor-element-484491a e-con-full e-flex e-con e-child\" data-id=\"484491a\" data-element_type=\"container\">\n\t\t\t\t<div class=\"elementor-element elementor-element-c23728c elementor-widget elementor-widget-image\" data-id=\"c23728c\" data-element_type=\"widget\" data-widget_type=\"image.default\">\n\t\t\t\t<div class=\"elementor-widget-container\">\n\t\t\t\t\t\t\t\t\t\t\t\t\t\t\t<img loading=\"lazy\" decoding=\"async\" width=\"340\" height=\"439\" src=\"https:\/\/guandalini.adv.br\/wp-content\/uploads\/2024\/07\/bernardo.jpg\" class=\"attachment-large size-large wp-image-1831\" alt=\"\" srcset=\"https:\/\/guandalini.adv.br\/wp-content\/uploads\/2024\/07\/bernardo.jpg 340w, https:\/\/guandalini.adv.br\/wp-content\/uploads\/2024\/07\/bernardo-232x300.jpg 232w\" sizes=\"(max-width: 340px) 100vw, 340px\" \/>\t\t\t\t\t\t\t\t\t\t\t\t\t\t\t<\/div>\n\t\t\t\t<\/div>\n\t\t\t\t<div class=\"elementor-element elementor-element-60c15f7 elementor-widget-divider--view-line elementor-widget elementor-widget-divider\" data-id=\"60c15f7\" data-element_type=\"widget\" data-widget_type=\"divider.default\">\n\t\t\t\t<div class=\"elementor-widget-container\">\n\t\t\t\t\t\t\t<div class=\"elementor-divider\">\n\t\t\t<span class=\"elementor-divider-separator\">\n\t\t\t\t\t\t<\/span>\n\t\t<\/div>\n\t\t\t\t\t\t<\/div>\n\t\t\t\t<\/div>\n\t\t\t\t<div class=\"elementor-element elementor-element-ce7a6c1 elementor-widget elementor-widget-heading\" data-id=\"ce7a6c1\" data-element_type=\"widget\" data-widget_type=\"heading.default\">\n\t\t\t\t<div class=\"elementor-widget-container\">\n\t\t\t\t\t<h2 class=\"elementor-heading-title elementor-size-default\">Contact<\/h2>\t\t\t\t<\/div>\n\t\t\t\t<\/div>\n\t\t\t\t<div class=\"elementor-element elementor-element-382c7e6 elementor-icon-list--layout-traditional elementor-list-item-link-full_width elementor-widget elementor-widget-icon-list\" data-id=\"382c7e6\" data-element_type=\"widget\" data-widget_type=\"icon-list.default\">\n\t\t\t\t<div class=\"elementor-widget-container\">\n\t\t\t\t\t\t\t<ul class=\"elementor-icon-list-items\">\n\t\t\t\t\t\t\t<li class=\"elementor-icon-list-item\">\n\t\t\t\t\t\t\t\t\t\t\t<a href=\"mailto:bc@guandalini.adv.br\" target=\"_blank\">\n\n\t\t\t\t\t\t\t\t\t\t\t\t<span class=\"elementor-icon-list-icon\">\n\t\t\t\t\t\t\t<svg aria-hidden=\"true\" class=\"e-font-icon-svg e-far-envelope\" viewbox=\"0 0 512 512\" xmlns=\"http:\/\/www.w3.org\/2000\/svg\"><path d=\"M464 64H48C21.49 64 0 85.49 0 112v288c0 26.51 21.49 48 48 48h416c26.51 0 48-21.49 48-48V112c0-26.51-21.49-48-48-48zm0 48v40.805c-22.422 18.259-58.168 46.651-134.587 106.49-16.841 13.247-50.201 45.072-73.413 44.701-23.208.375-56.579-31.459-73.413-44.701C106.18 199.465 70.425 171.067 48 152.805V112h416zM48 400V214.398c22.914 18.251 55.409 43.862 104.938 82.646 21.857 17.205 60.134 55.186 103.062 54.955 42.717.231 80.509-37.199 103.053-54.947 49.528-38.783 82.032-64.401 104.947-82.653V400H48z\"><\/path><\/svg>\t\t\t\t\t\t<\/span>\n\t\t\t\t\t\t\t\t\t\t<span class=\"elementor-icon-list-text\">bc@guandalini.adv.br<\/span>\n\t\t\t\t\t\t\t\t\t\t\t<\/a>\n\t\t\t\t\t\t\t\t\t<\/li>\n\t\t\t\t\t\t\t\t<li class=\"elementor-icon-list-item\">\n\t\t\t\t\t\t\t\t\t\t\t<a href=\"https:\/\/wa.me\/message\/P4KF6UMG4VQMB1\" target=\"_blank\">\n\n\t\t\t\t\t\t\t\t\t\t\t\t<span class=\"elementor-icon-list-icon\">\n\t\t\t\t\t\t\t<svg aria-hidden=\"true\" class=\"e-font-icon-svg e-fas-phone-alt\" viewbox=\"0 0 512 512\" xmlns=\"http:\/\/www.w3.org\/2000\/svg\"><path d=\"M497.39 361.8l-112-48a24 24 0 0 0-28 6.9l-49.6 60.6A370.66 370.66 0 0 1 130.6 204.11l60.6-49.6a23.94 23.94 0 0 0 6.9-28l-48-112A24.16 24.16 0 0 0 122.6.61l-104 24A24 24 0 0 0 0 48c0 256.5 207.9 464 464 464a24 24 0 0 0 23.4-18.6l24-104a24.29 24.29 0 0 0-14.01-27.6z\"><\/path><\/svg>\t\t\t\t\t\t<\/span>\n\t\t\t\t\t\t\t\t\t\t<span class=\"elementor-icon-list-text\">+55 41 98849 6710<\/span>\n\t\t\t\t\t\t\t\t\t\t\t<\/a>\n\t\t\t\t\t\t\t\t\t<\/li>\n\t\t\t\t\t\t\t\t<li class=\"elementor-icon-list-item\">\n\t\t\t\t\t\t\t\t\t\t\t<a href=\"https:\/\/www.instagram.com\/bernardorcampos\/\">\n\n\t\t\t\t\t\t\t\t\t\t\t\t<span class=\"elementor-icon-list-icon\">\n\t\t\t\t\t\t\t<svg aria-hidden=\"true\" class=\"e-font-icon-svg e-fab-instagram\" viewbox=\"0 0 448 512\" xmlns=\"http:\/\/www.w3.org\/2000\/svg\"><path d=\"M224.1 141c-63.6 0-114.9 51.3-114.9 114.9s51.3 114.9 114.9 114.9S339 319.5 339 255.9 287.7 141 224.1 141zm0 189.6c-41.1 0-74.7-33.5-74.7-74.7s33.5-74.7 74.7-74.7 74.7 33.5 74.7 74.7-33.6 74.7-74.7 74.7zm146.4-194.3c0 14.9-12 26.8-26.8 26.8-14.9 0-26.8-12-26.8-26.8s12-26.8 26.8-26.8 26.8 12 26.8 26.8zm76.1 27.2c-1.7-35.9-9.9-67.7-36.2-93.9-26.2-26.2-58-34.4-93.9-36.2-37-2.1-147.9-2.1-184.9 0-35.8 1.7-67.6 9.9-93.9 36.1s-34.4 58-36.2 93.9c-2.1 37-2.1 147.9 0 184.9 1.7 35.9 9.9 67.7 36.2 93.9s58 34.4 93.9 36.2c37 2.1 147.9 2.1 184.9 0 35.9-1.7 67.7-9.9 93.9-36.2 26.2-26.2 34.4-58 36.2-93.9 2.1-37 2.1-147.8 0-184.8zM398.8 388c-7.8 19.6-22.9 34.7-42.6 42.6-29.5 11.7-99.5 9-132.1 9s-102.7 2.6-132.1-9c-19.6-7.8-34.7-22.9-42.6-42.6-11.7-29.5-9-99.5-9-132.1s-2.6-102.7 9-132.1c7.8-19.6 22.9-34.7 42.6-42.6 29.5-11.7 99.5-9 132.1-9s102.7-2.6 132.1 9c19.6 7.8 34.7 22.9 42.6 42.6 11.7 29.5 9 99.5 9 132.1s2.7 102.7-9 132.1z\"><\/path><\/svg>\t\t\t\t\t\t<\/span>\n\t\t\t\t\t\t\t\t\t\t<span class=\"elementor-icon-list-text\">Instagram<\/span>\n\t\t\t\t\t\t\t\t\t\t\t<\/a>\n\t\t\t\t\t\t\t\t\t<\/li>\n\t\t\t\t\t\t\t\t<li class=\"elementor-icon-list-item\">\n\t\t\t\t\t\t\t\t\t\t\t<a href=\"https:\/\/www.linkedin.com\/in\/bernardoregueiracampos\/\">\n\n\t\t\t\t\t\t\t\t\t\t\t\t<span class=\"elementor-icon-list-icon\">\n\t\t\t\t\t\t\t<svg aria-hidden=\"true\" class=\"e-font-icon-svg e-fab-linkedin\" viewbox=\"0 0 448 512\" xmlns=\"http:\/\/www.w3.org\/2000\/svg\"><path d=\"M416 32H31.9C14.3 32 0 46.5 0 64.3v383.4C0 465.5 14.3 480 31.9 480H416c17.6 0 32-14.5 32-32.3V64.3c0-17.8-14.4-32.3-32-32.3zM135.4 416H69V202.2h66.5V416zm-33.2-243c-21.3 0-38.5-17.3-38.5-38.5S80.9 96 102.2 96c21.2 0 38.5 17.3 38.5 38.5 0 21.3-17.2 38.5-38.5 38.5zm282.1 243h-66.4V312c0-24.8-.5-56.7-34.5-56.7-34.6 0-39.9 27-39.9 54.9V416h-66.4V202.2h63.7v29.2h.9c8.9-16.8 30.6-34.5 62.9-34.5 67.2 0 79.7 44.3 79.7 101.9V416z\"><\/path><\/svg>\t\t\t\t\t\t<\/span>\n\t\t\t\t\t\t\t\t\t\t<span class=\"elementor-icon-list-text\">Linkedin<\/span>\n\t\t\t\t\t\t\t\t\t\t\t<\/a>\n\t\t\t\t\t\t\t\t\t<\/li>\n\t\t\t\t\t\t<\/ul>\n\t\t\t\t\t\t<\/div>\n\t\t\t\t<\/div>\n\t\t\t\t<div class=\"elementor-element elementor-element-c911b77 elementor-widget-divider--view-line elementor-widget elementor-widget-divider\" data-id=\"c911b77\" data-element_type=\"widget\" data-widget_type=\"divider.default\">\n\t\t\t\t<div class=\"elementor-widget-container\">\n\t\t\t\t\t\t\t<div class=\"elementor-divider\">\n\t\t\t<span class=\"elementor-divider-separator\">\n\t\t\t\t\t\t<\/span>\n\t\t<\/div>\n\t\t\t\t\t\t<\/div>\n\t\t\t\t<\/div>\n\t\t\t\t<div class=\"elementor-element elementor-element-c906107 elementor-widget elementor-widget-heading\" data-id=\"c906107\" data-element_type=\"widget\" data-widget_type=\"heading.default\">\n\t\t\t\t<div class=\"elementor-widget-container\">\n\t\t\t\t\t<h2 class=\"elementor-heading-title elementor-size-default\">Languages<\/h2>\t\t\t\t<\/div>\n\t\t\t\t<\/div>\n\t\t\t\t<div class=\"elementor-element elementor-element-5e5c714 elementor-widget elementor-widget-image\" data-id=\"5e5c714\" data-element_type=\"widget\" data-widget_type=\"image.default\">\n\t\t\t\t<div class=\"elementor-widget-container\">\n\t\t\t\t\t\t\t\t\t\t\t\t\t\t\t<img loading=\"lazy\" decoding=\"async\" width=\"296\" height=\"194\" src=\"https:\/\/guandalini.adv.br\/wp-content\/uploads\/2026\/01\/ChatGPT-Image-29-de-jan.-de-2026-21_48_21.png\" class=\"attachment-large size-large wp-image-1835\" alt=\"\" \/>\t\t\t\t\t\t\t\t\t\t\t\t\t\t\t<\/div>\n\t\t\t\t<\/div>\n\t\t\t\t<\/div>\n\t\t<div class=\"elementor-element elementor-element-93a4a1d e-con-full e-flex e-con e-child\" data-id=\"93a4a1d\" data-element_type=\"container\">\n\t\t\t\t<div class=\"elementor-element elementor-element-f988c4b elementor-widget elementor-widget-heading\" data-id=\"f988c4b\" data-element_type=\"widget\" data-widget_type=\"heading.default\">\n\t\t\t\t<div class=\"elementor-widget-container\">\n\t\t\t\t\t<h2 class=\"elementor-heading-title elementor-size-default\">Bernardo Regueira Campos<\/h2>\t\t\t\t<\/div>\n\t\t\t\t<\/div>\n\t\t\t\t<div class=\"elementor-element elementor-element-e5c73d7 elementor-widget elementor-widget-heading\" data-id=\"e5c73d7\" data-element_type=\"widget\" data-widget_type=\"heading.default\">\n\t\t\t\t<div class=\"elementor-widget-container\">\n\t\t\t\t\t<h2 class=\"elementor-heading-title elementor-size-default\">S\u00f3cio<\/h2>\t\t\t\t<\/div>\n\t\t\t\t<\/div>\n\t\t\t\t<div class=\"elementor-element elementor-element-7bdeb50 elementor-widget-divider--view-line elementor-widget elementor-widget-divider\" data-id=\"7bdeb50\" data-element_type=\"widget\" data-widget_type=\"divider.default\">\n\t\t\t\t<div class=\"elementor-widget-container\">\n\t\t\t\t\t\t\t<div class=\"elementor-divider\">\n\t\t\t<span class=\"elementor-divider-separator\">\n\t\t\t\t\t\t<\/span>\n\t\t<\/div>\n\t\t\t\t\t\t<\/div>\n\t\t\t\t<\/div>\n\t\t\t\t<div class=\"elementor-element elementor-element-bd94087 elementor-widget elementor-widget-heading\" data-id=\"bd94087\" data-element_type=\"widget\" data-widget_type=\"heading.default\">\n\t\t\t\t<div class=\"elementor-widget-container\">\n\t\t\t\t\t<h2 class=\"elementor-heading-title elementor-size-default\">Experience<\/h2>\t\t\t\t<\/div>\n\t\t\t\t<\/div>\n\t\t\t\t<div class=\"elementor-element elementor-element-e614fd4 elementor-widget elementor-widget-text-editor\" data-id=\"e614fd4\" data-element_type=\"widget\" data-widget_type=\"text-editor.default\">\n\t\t\t\t<div class=\"elementor-widget-container\">\n\t\t\t\t\t\t\t\t\t<p>Bernardo Requeira Campos practices in both advisory and strategic litigation, including arbitration. His practice focuses on digital, civil, and corporate law.<\/p><p>Regarding the fields of digital law and crypto-assets, he possesses extensive experience in both advisory and litigation matters.<\/p><p>\u202f\u202f\u202f\u202f\u202f\u2014 Advisory: He assists in the structuring of new business ventures, compliance for OTC desks and Exchanges, legal counsel for influencers, and the drafting of commercial contracts.<\/p><p>\u202f\u202f\u202f\u202f\u202f\u2014 Litigation: He represents over 200 victims across various financial fraud cases, totaling more than R$ 400 million in claims to be recovered.<\/p><p>&#8203;<\/p>\t\t\t\t\t\t\t\t<\/div>\n\t\t\t\t<\/div>\n\t\t\t\t<div class=\"elementor-element elementor-element-ee2d5e5 elementor-widget-divider--view-line elementor-widget elementor-widget-divider\" data-id=\"ee2d5e5\" data-element_type=\"widget\" data-widget_type=\"divider.default\">\n\t\t\t\t<div class=\"elementor-widget-container\">\n\t\t\t\t\t\t\t<div class=\"elementor-divider\">\n\t\t\t<span class=\"elementor-divider-separator\">\n\t\t\t\t\t\t<\/span>\n\t\t<\/div>\n\t\t\t\t\t\t<\/div>\n\t\t\t\t<\/div>\n\t\t\t\t<div class=\"elementor-element elementor-element-195ae7f elementor-widget elementor-widget-heading\" data-id=\"195ae7f\" data-element_type=\"widget\" data-widget_type=\"heading.default\">\n\t\t\t\t<div class=\"elementor-widget-container\">\n\t\t\t\t\t<h2 class=\"elementor-heading-title elementor-size-default\">Institutional Enrolments <\/h2>\t\t\t\t<\/div>\n\t\t\t\t<\/div>\n\t\t\t\t<div class=\"elementor-element elementor-element-0c483cf elementor-widget elementor-widget-text-editor\" data-id=\"0c483cf\" data-element_type=\"widget\" data-widget_type=\"text-editor.default\">\n\t\t\t\t<div class=\"elementor-widget-container\">\n\t\t\t\t\t\t\t\t\t<ul><li>Vice President of the Commercial Association of Paran\u00e1 (ACP).<\/li><li>Member of the Fiscal Council of Boa Vista Servi\u00e7os S.A. (SCPC).<\/li><li>Member of the Fiscal Council of Garantisul-PR.<\/li><li>President of the Digital Assets and Blockchain Council at ACP.<\/li><li>Brazil Ambassador for the IFF UNIC \u2013 Institute for the Future at the University of Nicosia.<\/li><li>Columnist for RIC Mais in the \"Central Cripto\" column<\/li><li>Administrator of the MetaverseLegal DAO<\/li><li>Angel Investor at Curitiba Angels.<\/li><li>Member of the Arbitration Committee of the Brazilian Bar Association (OAB\/PR).<\/li><li>Member of the Real Estate and Construction Law Committee of the Brazilian Bar Association (OAB\/PR).<\/li><\/ul>\t\t\t\t\t\t\t\t<\/div>\n\t\t\t\t<\/div>\n\t\t\t\t<div class=\"elementor-element elementor-element-af2833f elementor-widget-divider--view-line elementor-widget elementor-widget-divider\" data-id=\"af2833f\" data-element_type=\"widget\" data-widget_type=\"divider.default\">\n\t\t\t\t<div class=\"elementor-widget-container\">\n\t\t\t\t\t\t\t<div class=\"elementor-divider\">\n\t\t\t<span class=\"elementor-divider-separator\">\n\t\t\t\t\t\t<\/span>\n\t\t<\/div>\n\t\t\t\t\t\t<\/div>\n\t\t\t\t<\/div>\n\t\t\t\t<div class=\"elementor-element elementor-element-77eada5 elementor-widget elementor-widget-heading\" data-id=\"77eada5\" data-element_type=\"widget\" data-widget_type=\"heading.default\">\n\t\t\t\t<div class=\"elementor-widget-container\">\n\t\t\t\t\t<h2 class=\"elementor-heading-title elementor-size-default\">Educational<\/h2>\t\t\t\t<\/div>\n\t\t\t\t<\/div>\n\t\t\t\t<div class=\"elementor-element elementor-element-ff16473 elementor-widget elementor-widget-text-editor\" data-id=\"ff16473\" data-element_type=\"widget\" data-widget_type=\"text-editor.default\">\n\t\t\t\t<div class=\"elementor-widget-container\">\n\t\t\t\t\t\t\t\t\t<ul><li>Master of Science (M.Sc.) in Blockchain and Digital Currencies, University of Nicosia (UNIC), Cyprus.<\/li><li>Post-Graduate Specialization in Corporate Law, Funda\u00e7\u00e3o Getulio Vargas (FGV-SP), S\u00e3o Paulo, Brazil.<\/li><li>Post-Graduate Specialization in Crypto-Asset and Blockchain Law, ESMAFE \u2013 Federal Judicial School of Paran\u00e1, Curitiba, Brazil.<\/li><li>Bachelor of Laws (LL.B.), Universidade Positivo, Curitiba, Brazil.<\/li><\/ul>\t\t\t\t\t\t\t\t<\/div>\n\t\t\t\t<\/div>\n\t\t\t\t<\/div>\n\t\t\t\t\t<\/div>\n\t\t\t\t<\/div>\n\t\t\t\t<\/div>","protected":false},"excerpt":{"rendered":"<p>Advogado Bernardo Regueira Campos Contato bc@guandalini.adv.br +55 41 98849 6710 Instagram Linkedin IDIOMAS Bernardo Regueira Campos S\u00f3cio Experi\u00eancia Bernardo atua tanto na \u00e1rea de consultivo como de contencioso estrat\u00e9gico, incluindo arbitragem. Tem por foco direito digital, civil e empresarial. Quanto ao \u00e2mbito de direito digital e de criptoativos, possui s\u00f3lida experi\u00eancia com consultivo e contencioso. [&hellip;]<\/p>","protected":false},"author":1,"featured_media":0,"parent":0,"menu_order":0,"comment_status":"closed","ping_status":"closed","template":"elementor_header_footer","meta":{"_joinchat":[],"footnotes":""},"class_list":["post-1825","page","type-page","status-publish","hentry"],"_links":{"self":[{"href":"https:\/\/guandalini.adv.br\/en\/wp-json\/wp\/v2\/pages\/1825","targetHints":{"allow":["GET"]}}],"collection":[{"href":"https:\/\/guandalini.adv.br\/en\/wp-json\/wp\/v2\/pages"}],"about":[{"href":"https:\/\/guandalini.adv.br\/en\/wp-json\/wp\/v2\/types\/page"}],"author":[{"embeddable":true,"href":"https:\/\/guandalini.adv.br\/en\/wp-json\/wp\/v2\/users\/1"}],"replies":[{"embeddable":true,"href":"https:\/\/guandalini.adv.br\/en\/wp-json\/wp\/v2\/comments?post=1825"}],"version-history":[{"count":28,"href":"https:\/\/guandalini.adv.br\/en\/wp-json\/wp\/v2\/pages\/1825\/revisions"}],"predecessor-version":[{"id":2392,"href":"https:\/\/guandalini.adv.br\/en\/wp-json\/wp\/v2\/pages\/1825\/revisions\/2392"}],"wp:attachment":[{"href":"https:\/\/guandalini.adv.br\/en\/wp-json\/wp\/v2\/media?parent=1825"}],"curies":[{"name":"wp","href":"https:\/\/api.w.org\/{rel}","templated":true}]}}